{"id":669,"date":"2022-01-04T19:42:46","date_gmt":"2022-01-04T18:42:46","guid":{"rendered":"https:\/\/ondavioleta.com\/?page_id=669"},"modified":"2022-01-06T12:26:36","modified_gmt":"2022-01-06T11:26:36","slug":"documentacion-para-los-talleres","status":"publish","type":"page","link":"https:\/\/ondavioleta.com\/?page_id=669","title":{"rendered":"Biblioteca para los talleres"},"content":{"rendered":"\n<p class=\"has-black-color has-text-color has-normal-font-size\"><strong><a rel=\"noreferrer noopener\" href=\"https:\/\/ondavioleta.com\/wp-content\/uploads\/2022\/01\/SonidoyAudio.pdf\" target=\"_blank\">Sonido y Audio<\/a><\/strong>. Fernando Garc\u00eda y Alfonso Villoria. 2019<\/p>\n\n\n\n<p class=\"has-black-color has-text-color has-normal-font-size\"><strong><a href=\"https:\/\/ondavioleta.com\/wp-content\/uploads\/2022\/01\/Guion-locucion-y-generos-radiofonicos.pdf\" target=\"_blank\" rel=\"noreferrer noopener\">Gui\u00f3n, locuci\u00f3n y g\u00e9neros radiof\u00f3nicos<\/a><\/strong>. Ruth Soria. 2019<\/p>\n\n\n\n<p class=\"has-normal-font-size\"><strong><a href=\"https:\/\/ondavioleta.com\/wp-content\/uploads\/2022\/01\/periodismo-y-comunicacion-radiofonica-radio-comunitaria-2016cuac-fm.pdf\" target=\"_blank\" rel=\"noreferrer noopener\">Periodismo y producci\u00f3n radiof\u00f3nica. <\/a><\/strong>CUAC FM. 2016<\/p>\n\n\n\n<p class=\"has-normal-font-size\"><strong><a href=\"https:\/\/ondavioleta.com\/wp-content\/uploads\/2022\/01\/concepto-medios-comunitarios-cuac-fm2016.pdf\" target=\"_blank\" rel=\"noreferrer noopener\">Concepto de medio comunitario y su historia. <\/a><\/strong>CUAC FM. 2016<\/p>\n\n\n\n<p class=\"has-normal-font-size\"><strong><a href=\"https:\/\/ondavioleta.com\/wp-content\/uploads\/2022\/01\/ManualUrgenteRadialistas2005.pdf\" target=\"_blank\" rel=\"noreferrer noopener\">Manual urgente de radialistas apasionadas y apasionados<\/a><\/strong>. 2013<\/p>\n","protected":false},"excerpt":{"rendered":"<p>Sonido y Audio. Fernando Garc\u00eda y Alfonso Villoria. 2019 Gui\u00f3n, locuci\u00f3n y g\u00e9neros radiof\u00f3nicos. Ruth Soria. 2019 Periodismo y producci\u00f3n radiof\u00f3nica. CUAC FM. 2016 Concepto de medio comunitario y su historia. CUAC FM. 2016 Manual urgente de radialistas apasionadas y <a href=\"https:\/\/ondavioleta.com\/?page_id=669\" class=\"read-more\">Leer m\u00e1s&#8230;<\/a><\/p>\n","protected":false},"author":2,"featured_media":0,"parent":0,"menu_order":0,"comment_status":"closed","ping_status":"closed","template":"","meta":{"footnotes":""},"class_list":["post-669","page","type-page","status-publish","hentry"],"_links":{"self":[{"href":"https:\/\/ondavioleta.com\/index.php?rest_route=\/wp\/v2\/pages\/669","targetHints":{"allow":["GET"]}}],"collection":[{"href":"https:\/\/ondavioleta.com\/index.php?rest_route=\/wp\/v2\/pages"}],"about":[{"href":"https:\/\/ondavioleta.com\/index.php?rest_route=\/wp\/v2\/types\/page"}],"author":[{"embeddable":true,"href":"https:\/\/ondavioleta.com\/index.php?rest_route=\/wp\/v2\/users\/2"}],"replies":[{"embeddable":true,"href":"https:\/\/ondavioleta.com\/index.php?rest_route=%2Fwp%2Fv2%2Fcomments&post=669"}],"version-history":[{"count":2,"href":"https:\/\/ondavioleta.com\/index.php?rest_route=\/wp\/v2\/pages\/669\/revisions"}],"predecessor-version":[{"id":680,"href":"https:\/\/ondavioleta.com\/index.php?rest_route=\/wp\/v2\/pages\/669\/revisions\/680"}],"wp:attachment":[{"href":"https:\/\/ondavioleta.com\/index.php?rest_route=%2Fwp%2Fv2%2Fmedia&parent=669"}],"curies":[{"name":"wp","href":"https:\/\/api.w.org\/{rel}","templated":true}]}}