{"id":662,"date":"2022-01-03T20:27:40","date_gmt":"2022-01-03T19:27:40","guid":{"rendered":"https:\/\/ondavioleta.com\/?page_id=662"},"modified":"2022-01-03T20:27:41","modified_gmt":"2022-01-03T19:27:41","slug":"politica-de-cookies","status":"publish","type":"page","link":"https:\/\/ondavioleta.com\/?page_id=662","title":{"rendered":"Pol\u00edtica de cookies"},"content":{"rendered":"\n<p class=\"has-medium-font-size\">En cumplimiento con el art\u00edculo 22 de la Ley 34\/2002, de 11 de julio, de servicios de la sociedad de la informaci\u00f3n y de comercio electr\u00f3nico (LSSI), en relaci\u00f3n con el Reglamento (UE) 2016\/679 del Parlamento Europeo y del Consejo, de 27 de abril de 2016, General de Protecci\u00f3n de Datos (RGPD) y la Ley Org\u00e1nica 3\/2018, de 5 de diciembre, de Protecci\u00f3n de Datos y garant\u00eda de los derechos digitales (LOPDGDD), Asociaci\u00f3n Vecinal La Flor pone a disposici\u00f3n de las personas usuarias la Pol\u00edtica de recogida y tratamiento de cookies del sitio Web.<\/p>\n\n\n\n<h2 class=\"wp-block-heading\"><strong>Qu\u00e9 son las Cookies<\/strong><\/h2>\n\n\n\n<p class=\"has-medium-font-size\">Una cookie es un fichero que se descarga en tu ordenador al entrar a determinadas p\u00e1ginas web. Las cookies permiten a una p\u00e1gina web, entre otras cosas, almacenar y recuperar informaci\u00f3n sobre tus h\u00e1bitos de navegaci\u00f3n y \u2014dependiendo de la informaci\u00f3n que contengan y de la forma en que utilices tu equipo\u2014 pueden utilizarse para identificarte.<\/p>\n\n\n\n<h2 class=\"wp-block-heading\"><strong>Cookies utilizadas en el sitio Web<\/strong><\/h2>\n\n\n\n<p class=\"has-medium-font-size\">A continuaci\u00f3n, se clasifican las cookies utilizadas por el sitio Web\u00a0<a href=\"http:\/\/www.ondavioleta.com\" target=\"_blank\" rel=\"noreferrer noopener\">http:\/\/www.ondavioleta.com<\/a>:<\/p>\n\n\n\n<p class=\"has-medium-font-size\"><strong>Seg\u00fan la entidad que las gestiona<\/strong><\/p>\n\n\n\n<ul class=\"wp-block-list\"><li><strong>Cookies propias:<\/strong>&nbsp;Son aquellas enviadas y gestionadas directamente por Asociaci\u00f3n Vecinal La Flor.<\/li><\/ul>\n\n\n\n<p class=\"has-medium-font-size\"><strong>Seg\u00fan su finalidad<\/strong><\/p>\n\n\n\n<ul class=\"wp-block-list\"><li><strong>Cookies t\u00e9cnicas:<\/strong>&nbsp;Son aquellas que permiten a las personas usuarias registradas navegar a trav\u00e9s del sitio Web, del \u00e1rea restringida y a utilizar sus diferentes funciones, como por ejemplo, el sistema de comentarios o el buscador.<\/li><li><strong>Cookies de personalizaci\u00f3n:<\/strong>&nbsp;Son aquellas que permiten a las personas usuarias acceder al Servicio con algunas caracter\u00edsticas de car\u00e1cter general predefinidas en funci\u00f3n de una serie de criterios establecidos por la usuaria como, por ejemplo, el idioma o el tipo de navegador a trav\u00e9s del cual se conecta a este sitio Web.<\/li><li><strong>Cookies sociales:<\/strong>&nbsp;Son establecidas por las plataformas de redes sociales para permitir a las personas usuarias compartir contenido con sus amistades y redes.<\/li><\/ul>\n\n\n\n<p class=\"has-medium-font-size\"><strong>Seg\u00fan su duraci\u00f3n<\/strong><\/p>\n\n\n\n<ul class=\"wp-block-list\"><li><strong>Cookies de sesi\u00f3n:<\/strong>&nbsp;Son aquellas dise\u00f1adas para recabar y almacenar datos mientras la persona usuaria accede al sitio Web.<\/li><li><strong>Cookies persistentes:<\/strong>&nbsp;Son aquellas en las que los datos siguen almacenados en el terminal de la persona usuaria y pueden ser accedidos y tratados durante un per\u00edodo definido por la persona responsable de la cookie.<\/li><\/ul>\n\n\n\n<h2 class=\"wp-block-heading\"><strong>Listado de cookies utilizadas<\/strong><\/h2>\n\n\n\n<p class=\"has-medium-font-size\">Este sitio Web puede instalar las siguientes cookies:<\/p>\n\n\n\n<p class=\"has-medium-font-size\"><strong>Cookies t\u00e9cnicas<\/strong><\/p>\n\n\n\n<ul class=\"wp-block-list\"><li><strong>wp-settings-{user_id}:<\/strong>&nbsp;Cookie t\u00e9cnica que se usa para mantener la configuraci\u00f3n de la usuaria en wp-admin. Es persistente y tiene una duraci\u00f3n de 1 a\u00f1o.<\/li><li><strong>hasConsent:<\/strong>&nbsp;Cookie t\u00e9cnica que almacena el consentimiento de la persona usuaria. Es persistente y tiene una duraci\u00f3n de 1 a\u00f1o.<\/li><\/ul>\n\n\n\n<p class=\"has-medium-font-size\"><strong>Cookies sociales<\/strong><\/p>\n\n\n\n<ul class=\"wp-block-list\"><li>El sitio Web incluye otras funcionalidades proporcionadas por servicios de terceros y redes sociales para mejorar la experiencia de las personas visitantes. Puedes compartir el contenido en sus redes sociales como \u00abFacebook\u00bb, \u00abTwitter\u00bb, \u00abInstagram\u00bb, \u00abVimeo\u00bb o \u00abYouTube\u00bb con los botones incluidos a tal efecto o con las herramientas para compartir propias de las redes sociales. Como resultado, estos servicios pueden instalar cookies y utilizarlas para rastrear tu actividad online. No tenemos control directo sobre la informaci\u00f3n recopilada por estas cookies.<\/li><\/ul>\n\n\n\n<h2 class=\"wp-block-heading\"><strong>Eliminaci\u00f3n de cookies<\/strong><\/h2>\n\n\n\n<p class=\"has-medium-font-size\">Puedes aceptar, bloquear o eliminar las cookies instaladas en tu equipo mediante la configuraci\u00f3n de las opciones del navegador, pero parte del sitio no funcionar\u00e1 correctamente o su calidad puede verse afectada.<\/p>\n\n\n\n<p class=\"has-medium-font-size\">En los siguientes enlaces encontrar\u00e1s instrucciones para habilitar o deshabilitar las cookies en los navegadores m\u00e1s comunes.<\/p>\n\n\n\n<ul class=\"wp-block-list\"><li><strong>Firefox<\/strong>&nbsp;<a href=\"http:\/\/support.mozilla.org\/es\/kb\/habilitar-y-deshabilitar-cookies-que-los-sitios-we\" target=\"_blank\" rel=\"noreferrer noopener\">http:\/\/support.mozilla.org\/es\/kb\/habilitar-y-deshabilitar-cookies-que-los-sitios-we<\/a><\/li><li><strong>Google Chrome<\/strong>&nbsp;<a href=\"https:\/\/support.google.com\/chrome\/answer\/95647?hl=es\" target=\"_blank\" rel=\"noreferrer noopener\">https:\/\/support.google.com\/chrome\/answer\/95647?hl=es<\/a><\/li><li><strong>Internet Explorer<\/strong>&nbsp;<a href=\"https:\/\/support.microsoft.com\/es-es\/help\/17442\/windows-internet-explorer-delete-manage-cookies#ie=%22ie-10%22\" target=\"_blank\" rel=\"noreferrer noopener\">https:\/\/support.microsoft.com\/es-es\/help\/17442\/windows-internet-explorer-delete-manage-cookies#ie=\u00bbie-10&#8243;<\/a><\/li><li><strong>Microsoft Edge<\/strong>&nbsp;<a href=\"https:\/\/support.microsoft.com\/es-es\/help\/4468242\/microsoft-edge-browsing-data-and-privacy\" target=\"_blank\" rel=\"noreferrer noopener\">https:\/\/support.microsoft.com\/es-es\/help\/4468242\/microsoft-edge-browsing-data-and-privacy<\/a><\/li><li><strong>Safari<\/strong>&nbsp;<a href=\"http:\/\/support.apple.com\/kb\/HT1677?viewlocale=es_ES\" target=\"_blank\" rel=\"noreferrer noopener\">http:\/\/support.apple.com\/kb\/HT1677?viewlocale=es_ES<\/a><\/li><\/ul>\n\n\n\n<h2 class=\"wp-block-heading\"><strong>Tratamiento de Datos Personales<\/strong><\/h2>\n\n\n\n<p class=\"has-medium-font-size\">Asociaci\u00f3n Vecinal La Flor es la entidad Responsable del tratamiento de los datos personales de la persona usuaria. Puedes consultar toda la informaci\u00f3n relativa al tratamiento de datos personales que recoge la entidad Titular en la p\u00e1gina de\u00a0<a href=\"https:\/\/ondavioleta.com\/?page_id=651\" target=\"_blank\" rel=\"noreferrer noopener\">Pol\u00edtica de Privacidad<\/a>.<\/p>\n\n\n\n<h2 class=\"wp-block-heading\"><strong>Contacto<\/strong><\/h2>\n\n\n\n<p class=\"has-medium-font-size\">En caso de que tengas cualquier duda acerca de esta Pol\u00edtica de Cookies o quieras realizar cualquier comentario sobre este sitio Web, puedes enviar un mensaje de correo electr\u00f3nico a la direcci\u00f3n avlaflor@avlaflor.org.<\/p>\n","protected":false},"excerpt":{"rendered":"<p>En cumplimiento con el art\u00edculo 22 de la Ley 34\/2002, de 11 de julio, de servicios de la sociedad de la informaci\u00f3n y de comercio electr\u00f3nico (LSSI), en relaci\u00f3n con el Reglamento (UE) 2016\/679 del Parlamento Europeo y del Consejo, <a href=\"https:\/\/ondavioleta.com\/?page_id=662\" class=\"read-more\">Leer m\u00e1s&#8230;<\/a><\/p>\n","protected":false},"author":17,"featured_media":0,"parent":0,"menu_order":0,"comment_status":"closed","ping_status":"closed","template":"","meta":{"footnotes":""},"class_list":["post-662","page","type-page","status-publish","hentry"],"_links":{"self":[{"href":"https:\/\/ondavioleta.com\/index.php?rest_route=\/wp\/v2\/pages\/662","targetHints":{"allow":["GET"]}}],"collection":[{"href":"https:\/\/ondavioleta.com\/index.php?rest_route=\/wp\/v2\/pages"}],"about":[{"href":"https:\/\/ondavioleta.com\/index.php?rest_route=\/wp\/v2\/types\/page"}],"author":[{"embeddable":true,"href":"https:\/\/ondavioleta.com\/index.php?rest_route=\/wp\/v2\/users\/17"}],"replies":[{"embeddable":true,"href":"https:\/\/ondavioleta.com\/index.php?rest_route=%2Fwp%2Fv2%2Fcomments&post=662"}],"version-history":[{"count":1,"href":"https:\/\/ondavioleta.com\/index.php?rest_route=\/wp\/v2\/pages\/662\/revisions"}],"predecessor-version":[{"id":663,"href":"https:\/\/ondavioleta.com\/index.php?rest_route=\/wp\/v2\/pages\/662\/revisions\/663"}],"wp:attachment":[{"href":"https:\/\/ondavioleta.com\/index.php?rest_route=%2Fwp%2Fv2%2Fmedia&parent=662"}],"curies":[{"name":"wp","href":"https:\/\/api.w.org\/{rel}","templated":true}]}}