{"id":659,"date":"2022-01-03T20:24:35","date_gmt":"2022-01-03T19:24:35","guid":{"rendered":"https:\/\/ondavioleta.com\/?page_id=659"},"modified":"2022-01-03T20:24:36","modified_gmt":"2022-01-03T19:24:36","slug":"politica-legal","status":"publish","type":"page","link":"https:\/\/ondavioleta.com\/?page_id=659","title":{"rendered":"Pol\u00edtica legal"},"content":{"rendered":"\n<h2 class=\"wp-block-heading\">Identificaci\u00f3n y Titularidad<\/h2>\n\n\n\n<p class=\"has-medium-font-size\"><strong>Titular:<\/strong>&nbsp;Asociaci\u00f3n Vecinal La Flor<\/p>\n\n\n\n<div class=\"wp-block-group\"><div class=\"wp-block-group__inner-container is-layout-flow wp-block-group-is-layout-flow\">\n<p><strong>NIF:<\/strong>&nbsp;G79509360<\/p>\n\n\n\n<p><strong>Domicilio:<\/strong>&nbsp;Plaza Corcubi\u00f3n 16, Madrid &#8211; Espa\u00f1a.<\/p>\n\n\n\n<p><strong>Correo electr\u00f3nico:<\/strong>&nbsp;avlaflor@avlaflor.org<\/p>\n\n\n\n<p><strong>Sitio Web:<\/strong>\u00a0<a href=\"http:\/\/www.ondavioleta.com\" target=\"_blank\" rel=\"noreferrer noopener\">http:\/\/www.ondavioleta.com<\/a><\/p>\n<\/div><\/div>\n\n\n\n<h2 class=\"wp-block-heading\">Finalidad<\/h2>\n\n\n\n<p class=\"has-medium-font-size\">La finalidad del sitio Web\u00a0<a href=\"http:\/\/www.ondavioleta.com\" target=\"_blank\" rel=\"noreferrer noopener\">http:\/\/www.ondavioleta.com\u00a0<\/a>es Promover la participaci\u00f3n de las vecinas y vecinos en la radio comunitaria.<\/p>\n\n\n\n<h2 class=\"wp-block-heading\">Condiciones de Uso<\/h2>\n\n\n\n<p class=\"has-medium-font-size\">La utilizaci\u00f3n del sitio Web te otorga la condici\u00f3n de Persona Usuaria, e implica la aceptaci\u00f3n completa de todas las cl\u00e1usulas y condiciones de uso incluidas en las p\u00e1ginas:<\/p>\n\n\n\n<ul class=\"wp-block-list\"><li><a href=\"https:\/\/www.avlaflor.org\/?page_id=3964\" data-type=\"page\" data-id=\"3964\" target=\"_blank\" rel=\"noreferrer noopener\">Pol\u00edtica Legal<\/a><\/li><li><a href=\"https:\/\/www.avlaflor.org\/?page_id=3973\" data-type=\"page\" data-id=\"3973\" target=\"_blank\" rel=\"noreferrer noopener\">Pol\u00edtica de Privacidad<\/a><\/li><li><a href=\"https:\/\/www.avlaflor.org\/?page_id=3971\" data-type=\"page\" data-id=\"3971\" target=\"_blank\" rel=\"noreferrer noopener\">Pol\u00edtica de Cookies<\/a><\/li><\/ul>\n\n\n\n<p class=\"has-medium-font-size\">A trav\u00e9s de este sitio Web, la entidad Titular te facilita el acceso y la utilizaci\u00f3n de diversos contenidos que ella o las personas colaboradoras han publicado por medio de Internet.<\/p>\n\n\n\n<p class=\"has-medium-font-size\">A tal efecto, te obligas y comprometes a NO utilizar cualquiera de los contenidos del sitio Web con fines o efectos il\u00edcitos, prohibidos en este Aviso Legal o por la legislaci\u00f3n vigente, lesivos de los derechos e intereses de terceros.<\/p>\n\n\n\n<h2 class=\"wp-block-heading\">Medidas de seguridad<\/h2>\n\n\n\n<p class=\"has-medium-font-size\">Los datos personales que facilites a la entidad Titular pueden ser almacenados en bases de datos automatizadas o no, cuya titularidad corresponde en exclusiva a Asociaci\u00f3n Vecinal La Flor, que asume todas las medidas de \u00edndole t\u00e9cnica, organizativa y de seguridad que garantizan la confidencialidad, integridad y calidad de la informaci\u00f3n contenida en las mismas de acuerdo con lo establecido en la normativa vigente en protecci\u00f3n de datos.<\/p>\n\n\n\n<p class=\"has-medium-font-size\">No obstante, debes ser consciente de que las medidas de seguridad de los sistemas inform\u00e1ticos en Internet no son enteramente fiables y que, por tanto la entidad Titular no puede garantizar la inexistencia de virus u otros elementos que puedan producir alteraciones en los sistemas inform\u00e1ticos (software y hardware) de las personas Usuarias o en sus documentos electr\u00f3nicos y ficheros contenidos en los mismos, aunque la entidad Titular pone todos los medios necesarios y toma las medidas de seguridad oportunas para evitar la presencia de estos elementos da\u00f1inos.<\/p>\n\n\n\n<h2 class=\"wp-block-heading\">Tratamiento de Datos Personales<\/h2>\n\n\n\n<p class=\"has-medium-font-size\">Puedes consultar toda la informaci\u00f3n relativa al tratamiento de datos personales que recoge el Titular en la p\u00e1gina de\u00a0<a href=\"https:\/\/ondavioleta.com\/?page_id=651\" data-type=\"URL\" data-id=\"https:\/\/ondavioleta.com\/?page_id=651\" target=\"_blank\" rel=\"noreferrer noopener\">Pol\u00edtica de Privacidad.<\/a><\/p>\n\n\n\n<h2 class=\"wp-block-heading\">Contenidos<\/h2>\n\n\n\n<p class=\"has-medium-font-size\">La entidad Titular ha obtenido la informaci\u00f3n, el contenido multimedia y los materiales incluidos en el sitio Web de fuentes que considera fiables, pero, si bien ha tomado todas las medidas razonables para asegurar que la informaci\u00f3n contenida es correcta, la entidad Titular no garantiza que sea exacta, completa o actualizada. Asociaci\u00f3n Vecinal La Flor declina expresamente cualquier responsabilidad por error u omisi\u00f3n en la informaci\u00f3n contenida en las p\u00e1ginas de este sitio Web.<\/p>\n\n\n\n<p class=\"has-medium-font-size\">Asociaci\u00f3n Vecinal La Flor&nbsp;no es responsable de los da\u00f1os y perjuicios que pudieran derivarse de la utilizaci\u00f3n de la informaci\u00f3n del sitio Web o de la contenida en las redes sociales de la entidad Titular.<\/p>\n\n\n\n<h2 class=\"wp-block-heading\">Pol\u00edtica de cookies<\/h2>\n\n\n\n<p class=\"has-medium-font-size\">En la p\u00e1gina\u00a0Pol\u00edtica de Cookies\u00a0puedes consultar toda la informaci\u00f3n relativa a la pol\u00edtica de recogida y tratamiento de las cookies.<\/p>\n\n\n\n<h2 class=\"wp-block-heading\">Creative Commons<\/h2>\n\n\n\n<p class=\"has-medium-font-size\">Esta p\u00e1gina web est\u00e1 realizada con <strong>licencia Creative Commons,<\/strong> espec\u00edficamente con la atribuci\u00f3n <strong><a href=\"https:\/\/creativecommons.org\/licenses\/by-nc-sa\/4.0\/legalcode.es\" data-type=\"URL\" data-id=\"https:\/\/creativecommons.org\/licenses\/by-nc-sa\/4.0\/legalcode.es\">Reconocimiento\/Nocomercial\/CompartirIgual 4.0 Internacional.<\/a><\/strong> <\/p>\n\n\n\n<p class=\"has-medium-font-size\">Es decir, que eres libre de <\/p>\n\n\n\n<ul class=\"wp-block-list\"><li><strong>Compartir<\/strong>&nbsp;\u2014 copiar y redistribuir el material en cualquier medio o formato<\/li><li><strong>Adaptar<\/strong>&nbsp;\u2014 remezclar, transformar y crear a partir del material<\/li><\/ul>\n\n\n\n<p class=\"has-medium-font-size\">Bajo estas condiciones<\/p>\n\n\n\n<ul class=\"wp-block-list\"><li><strong>Reconocimiento<\/strong>&nbsp;\u2014&nbsp;Debes&nbsp;<a href=\"https:\/\/creativecommons.org\/licenses\/by-nc-sa\/4.0\/deed.es_ES#\">reconocer adecuadamente<\/a>&nbsp;la autor\u00eda, proporcionar un enlace a la licencia e&nbsp;<a href=\"https:\/\/creativecommons.org\/licenses\/by-nc-sa\/4.0\/deed.es_ES#\">indicar si se han realizado cambios<\/a>. Puedes hacerlo de cualquier manera razonable, pero no de una manera que sugiera que tienes el apoyo del licenciador o lo recibe por el uso que hace.<\/li><li><strong>NoComercial<\/strong>&nbsp;\u2014 No puedes utilizar el material para una&nbsp;<a href=\"https:\/\/creativecommons.org\/licenses\/by-nc-sa\/4.0\/deed.es_ES#\">finalidad comercial<\/a>.<\/li><li><strong>CompartirIgual<\/strong>&nbsp;\u2014 Si remezclas, transformas o creas a partir del material, deber\u00e1s difundir sus contribuciones bajo la&nbsp;<a href=\"https:\/\/creativecommons.org\/licenses\/by-nc-sa\/4.0\/deed.es_ES#\">misma licencia que el original.<\/a><\/li><\/ul>\n\n\n\n<figure class=\"wp-block-image size-large\"><img decoding=\"async\" src=\"https:\/\/www.avlaflor.org\/wp-content\/uploads\/2022\/01\/CreativeCommons-1.jpg\" alt=\"\" class=\"wp-image-3956\"\/><\/figure>\n\n\n\n<h2 class=\"wp-block-heading\">Contacto<\/h2>\n\n\n\n<p class=\"has-medium-font-size\">En caso de que tengas cualquier duda acerca de estas Condiciones legales o quieras realizar cualquier comentario sobre este sitio Web, puedes enviar un mensaje de correo electr\u00f3nico a la direcci\u00f3n avlaflor@avlaflor.org.<\/p>\n","protected":false},"excerpt":{"rendered":"<p>Identificaci\u00f3n y Titularidad Titular:&nbsp;Asociaci\u00f3n Vecinal La Flor NIF:&nbsp;G79509360 Domicilio:&nbsp;Plaza Corcubi\u00f3n 16, Madrid &#8211; Espa\u00f1a. Correo electr\u00f3nico:&nbsp;avlaflor@avlaflor.org Sitio Web:\u00a0http:\/\/www.ondavioleta.com Finalidad La finalidad del sitio Web\u00a0http:\/\/www.ondavioleta.com\u00a0es Promover la participaci\u00f3n de las vecinas y vecinos en la radio comunitaria. Condiciones de Uso La <a href=\"https:\/\/ondavioleta.com\/?page_id=659\" class=\"read-more\">Leer m\u00e1s&#8230;<\/a><\/p>\n","protected":false},"author":17,"featured_media":0,"parent":0,"menu_order":0,"comment_status":"closed","ping_status":"closed","template":"","meta":{"footnotes":""},"class_list":["post-659","page","type-page","status-publish","hentry"],"_links":{"self":[{"href":"https:\/\/ondavioleta.com\/index.php?rest_route=\/wp\/v2\/pages\/659","targetHints":{"allow":["GET"]}}],"collection":[{"href":"https:\/\/ondavioleta.com\/index.php?rest_route=\/wp\/v2\/pages"}],"about":[{"href":"https:\/\/ondavioleta.com\/index.php?rest_route=\/wp\/v2\/types\/page"}],"author":[{"embeddable":true,"href":"https:\/\/ondavioleta.com\/index.php?rest_route=\/wp\/v2\/users\/17"}],"replies":[{"embeddable":true,"href":"https:\/\/ondavioleta.com\/index.php?rest_route=%2Fwp%2Fv2%2Fcomments&post=659"}],"version-history":[{"count":1,"href":"https:\/\/ondavioleta.com\/index.php?rest_route=\/wp\/v2\/pages\/659\/revisions"}],"predecessor-version":[{"id":660,"href":"https:\/\/ondavioleta.com\/index.php?rest_route=\/wp\/v2\/pages\/659\/revisions\/660"}],"wp:attachment":[{"href":"https:\/\/ondavioleta.com\/index.php?rest_route=%2Fwp%2Fv2%2Fmedia&parent=659"}],"curies":[{"name":"wp","href":"https:\/\/api.w.org\/{rel}","templated":true}]}}