{"id":640,"date":"2022-01-03T19:49:07","date_gmt":"2022-01-03T18:49:07","guid":{"rendered":"https:\/\/ondavioleta.com\/?page_id=640"},"modified":"2023-05-01T20:08:26","modified_gmt":"2023-05-01T18:08:26","slug":"la-radio-libre-y-comunitaria","status":"publish","type":"page","link":"https:\/\/ondavioleta.com\/?page_id=640","title":{"rendered":"La radio libre y comunitaria"},"content":{"rendered":"\n<p class=\"has-black-color has-text-color has-medium-font-size\">Onda Violeta, es una iniciativa de la Asociaci\u00f3n Vecinal La Flor, que ofrece a las vecinas y vecinos de nuestros barrios la posibilidad  de confeccionar sus propios programas de radio, como servicio informativo, cultural, social&#8230; basado en unos m\u00ednimos principios \u00e9ticos elementales que podemos resumir en el respeto a las diversidades, a los derechos humanos, el reconocimiento de la ecodependencia y la interdependencia, las miradas feministas, el apoyo mutuo como marco de las relaciones entre las personas,  la cultura cr\u00edtica y el ocio alternativo y digno.<\/p>\n\n\n\n<p class=\"has-black-color has-text-color has-medium-font-size\">La emisora pretende, a su vez, ser un altavoz de las ideas y propuestas que surgen desde los espacios vecinales, sociales,  comunitarios y autogestionados. <\/p>\n\n\n\n<p class=\"has-black-color has-text-color has-medium-font-size\">Si tienes alg\u00fan proyecto de programa para Onda Violeta, puedes envi\u00e1rnoslo a trav\u00e9s de <a rel=\"noreferrer noopener\" href=\"https:\/\/ondavioleta.com\/?page_id=84\" data-type=\"URL\" data-id=\"https:\/\/ondavioleta.com\/?page_id=84\" target=\"_blank\">este formulario<\/a>. <\/p>\n\n\n\n<figure class=\"wp-block-image size-large\"><img loading=\"lazy\" decoding=\"async\" width=\"1024\" height=\"768\" src=\"https:\/\/ondavioleta.com\/wp-content\/uploads\/2022\/01\/OV7-1024x768.jpeg\" alt=\"\" class=\"wp-image-622\" srcset=\"https:\/\/ondavioleta.com\/wp-content\/uploads\/2022\/01\/OV7-1024x768.jpeg 1024w, https:\/\/ondavioleta.com\/wp-content\/uploads\/2022\/01\/OV7-300x225.jpeg 300w, https:\/\/ondavioleta.com\/wp-content\/uploads\/2022\/01\/OV7-768x576.jpeg 768w, https:\/\/ondavioleta.com\/wp-content\/uploads\/2022\/01\/OV7-1536x1152.jpeg 1536w, https:\/\/ondavioleta.com\/wp-content\/uploads\/2022\/01\/OV7-360x270.jpeg 360w, https:\/\/ondavioleta.com\/wp-content\/uploads\/2022\/01\/OV7.jpeg 2016w\" sizes=\"auto, (max-width: 1024px) 100vw, 1024px\" \/><\/figure>\n\n\n\n<h2 class=\"wp-block-heading\">Pol\u00edtica legal<\/h2>\n\n\n\n<p class=\"has-medium-font-size\">Si quieres conocer nuestra pol\u00edtica de <a rel=\"noreferrer noopener\" href=\"https:\/\/ondavioleta.com\/?page_id=659\" data-type=\"URL\" data-id=\"https:\/\/ondavioleta.com\/?page_id=659\" target=\"_blank\"><strong>legal<\/strong><\/a>, de <strong><a rel=\"noreferrer noopener\" href=\"https:\/\/ondavioleta.com\/?page_id=651\" data-type=\"URL\" data-id=\"https:\/\/ondavioleta.com\/?page_id=651\" target=\"_blank\">privacidad<\/a><\/strong> y de <a rel=\"noreferrer noopener\" href=\"https:\/\/ondavioleta.com\/?page_id=662\" target=\"_blank\"><strong>cookies<\/strong><\/a>, aqu\u00ed tienes los documentos. <\/p>\n","protected":false},"excerpt":{"rendered":"<p>Onda Violeta, es una iniciativa de la Asociaci\u00f3n Vecinal La Flor, que ofrece a las vecinas y vecinos de nuestros barrios la posibilidad de confeccionar sus propios programas de radio, como servicio informativo, cultural, social&#8230; basado en unos m\u00ednimos principios <a href=\"https:\/\/ondavioleta.com\/?page_id=640\" class=\"read-more\">Leer m\u00e1s&#8230;<\/a><\/p>\n","protected":false},"author":17,"featured_media":0,"parent":0,"menu_order":0,"comment_status":"closed","ping_status":"closed","template":"","meta":{"footnotes":""},"class_list":["post-640","page","type-page","status-publish","hentry"],"_links":{"self":[{"href":"https:\/\/ondavioleta.com\/index.php?rest_route=\/wp\/v2\/pages\/640","targetHints":{"allow":["GET"]}}],"collection":[{"href":"https:\/\/ondavioleta.com\/index.php?rest_route=\/wp\/v2\/pages"}],"about":[{"href":"https:\/\/ondavioleta.com\/index.php?rest_route=\/wp\/v2\/types\/page"}],"author":[{"embeddable":true,"href":"https:\/\/ondavioleta.com\/index.php?rest_route=\/wp\/v2\/users\/17"}],"replies":[{"embeddable":true,"href":"https:\/\/ondavioleta.com\/index.php?rest_route=%2Fwp%2Fv2%2Fcomments&post=640"}],"version-history":[{"count":6,"href":"https:\/\/ondavioleta.com\/index.php?rest_route=\/wp\/v2\/pages\/640\/revisions"}],"predecessor-version":[{"id":718,"href":"https:\/\/ondavioleta.com\/index.php?rest_route=\/wp\/v2\/pages\/640\/revisions\/718"}],"wp:attachment":[{"href":"https:\/\/ondavioleta.com\/index.php?rest_route=%2Fwp%2Fv2%2Fmedia&parent=640"}],"curies":[{"name":"wp","href":"https:\/\/api.w.org\/{rel}","templated":true}]}}