{"id":296,"date":"2019-12-26T10:30:18","date_gmt":"2019-12-26T09:30:18","guid":{"rendered":"http:\/\/ondavioleta.com\/?page_id=296"},"modified":"2022-01-04T19:43:23","modified_gmt":"2022-01-04T18:43:23","slug":"tematicas-mensuales-2","status":"publish","type":"page","link":"https:\/\/ondavioleta.com\/?page_id=296","title":{"rendered":"Talleres"},"content":{"rendered":"\n<h2 class=\"wp-block-heading\">Los talleres de aprendizaje en Onda Violeta<\/h2>\n\n\n\n<p class=\"has-black-color has-text-color has-normal-font-size\">Se realizan en el Espacio Vecinal Autogestionado La Flor, en el Centro Comunitario Guatemala, calle Celanova 2, donde se encuentra la emisora. Estos talleres est\u00e1n impartidos por las vecinas y vecinos de la asociaci\u00f3n y otros colectivos que conocen las herramientas de la radio y se ofrecen para compartirlas con las dem\u00e1s. Tambi\u00e9n hemos tenido alg\u00fan  apoyo de compa\u00f1eros de otras emisoras hermanas, como Radio Almenara y Radio Enlace.<\/p>\n\n\n\n<p class=\"has-black-color has-text-color\">Te dejamos<a href=\"https:\/\/ondavioleta.com\/?page_id=669\" target=\"_blank\" rel=\"noreferrer noopener\"> <strong>aqu\u00ed<\/strong><\/a><strong> <\/strong>algunos de los documentos que nos han servido para los talleres.<\/p>\n\n\n\n<figure class=\"wp-block-image size-large\"><img loading=\"lazy\" decoding=\"async\" width=\"705\" height=\"1024\" src=\"https:\/\/ondavioleta.com\/wp-content\/uploads\/2022\/01\/TallerRadioSep21-705x1024.jpg\" alt=\"\" class=\"wp-image-619\" srcset=\"https:\/\/ondavioleta.com\/wp-content\/uploads\/2022\/01\/TallerRadioSep21-705x1024.jpg 705w, https:\/\/ondavioleta.com\/wp-content\/uploads\/2022\/01\/TallerRadioSep21-207x300.jpg 207w, https:\/\/ondavioleta.com\/wp-content\/uploads\/2022\/01\/TallerRadioSep21-186x270.jpg 186w, https:\/\/ondavioleta.com\/wp-content\/uploads\/2022\/01\/TallerRadioSep21.jpg 744w\" sizes=\"auto, (max-width: 705px) 100vw, 705px\" \/><\/figure>\n\n\n\n<p><\/p>\n","protected":false},"excerpt":{"rendered":"<p>Los talleres de aprendizaje en Onda Violeta Se realizan en el Espacio Vecinal Autogestionado La Flor, en el Centro Comunitario Guatemala, calle Celanova 2, donde se encuentra la emisora. Estos talleres est\u00e1n impartidos por las vecinas y vecinos de la <a href=\"https:\/\/ondavioleta.com\/?page_id=296\" class=\"read-more\">Leer m\u00e1s&#8230;<\/a><\/p>\n","protected":false},"author":17,"featured_media":0,"parent":0,"menu_order":0,"comment_status":"closed","ping_status":"closed","template":"","meta":{"footnotes":""},"class_list":["post-296","page","type-page","status-publish","hentry"],"_links":{"self":[{"href":"https:\/\/ondavioleta.com\/index.php?rest_route=\/wp\/v2\/pages\/296","targetHints":{"allow":["GET"]}}],"collection":[{"href":"https:\/\/ondavioleta.com\/index.php?rest_route=\/wp\/v2\/pages"}],"about":[{"href":"https:\/\/ondavioleta.com\/index.php?rest_route=\/wp\/v2\/types\/page"}],"author":[{"embeddable":true,"href":"https:\/\/ondavioleta.com\/index.php?rest_route=\/wp\/v2\/users\/17"}],"replies":[{"embeddable":true,"href":"https:\/\/ondavioleta.com\/index.php?rest_route=%2Fwp%2Fv2%2Fcomments&post=296"}],"version-history":[{"count":14,"href":"https:\/\/ondavioleta.com\/index.php?rest_route=\/wp\/v2\/pages\/296\/revisions"}],"predecessor-version":[{"id":673,"href":"https:\/\/ondavioleta.com\/index.php?rest_route=\/wp\/v2\/pages\/296\/revisions\/673"}],"wp:attachment":[{"href":"https:\/\/ondavioleta.com\/index.php?rest_route=%2Fwp%2Fv2%2Fmedia&parent=296"}],"curies":[{"name":"wp","href":"https:\/\/api.w.org\/{rel}","templated":true}]}}